{"id":546,"date":"2025-04-10T10:50:41","date_gmt":"2025-04-10T08:50:41","guid":{"rendered":"https:\/\/nextbike-live.pluspol-networks.de\/boadilla\/?page_id=546"},"modified":"2025-11-21T09:09:52","modified_gmt":"2025-11-21T08:09:52","slug":"jovenes","status":"publish","type":"page","link":"https:\/\/www.biciboadilla.com\/es\/jovenes\/","title":{"rendered":"J\u00f3venes"},"content":{"rendered":"<div class=\"wpb-content-wrapper\"><p>[vc_row][vc_column][vc_column_text css=\u00bb\u00bb]<\/p>\n<h1><\/h1>\n<h1>Registro y confirmaci\u00f3n para menores<\/h1>\n<h4>Los mayores de 14 a\u00f1os pueden utilizar las bicicletas bibo. Sin embargo, se requiere un formulario de confirmaci\u00f3n de un representante legal o de uno de tus padres.<\/h4>\n<p>&nbsp;<\/p>\n<p><strong>As\u00ed es como funciona:<\/strong><\/p>\n<ol>\n<li>Descarga el <a href=\"https:\/\/www.biciboadilla.com\/wp-content\/uploads\/sites\/101\/2025\/09\/FORMULARIO-AUTORIZACION-PARA-EL-ALTA-DE-UNA-PERSONA-MENOR-14.pdf\" target=\"_blank\" rel=\"noopener\"><strong>formulario<\/strong><\/a> de confirmaci\u00f3n bibo Boadilla<\/li>\n<li>Imprime el formulario y p\u00eddele a uno de tus padres o a tu representante legal que lo firme. Esto confirmar\u00e1 los t\u00e9rminos y condiciones de bibo.<\/li>\n<li>A continuaci\u00f3n, env\u00eda por correo electr\u00f3nico el formulario de confirmaci\u00f3n junto con una copia del documento de identificaci\u00f3n del representante legal o padre (por ejemplo, DNI), as\u00ed como una copia del DNI del usuario menor de edad a<strong>\u00a0<a href=\"mailto:atencionbibo@movus.es\" target=\"_blank\" rel=\"noopener\">atencionbibo@movus.es<\/a><\/strong>.<\/li>\n<li>Un empleado crear\u00e1 tu cuenta y validar\u00e1 el formulario de autorizaci\u00f3n.<\/li>\n<li>Recibir\u00e1s por SMS en tu tel\u00e9fono m\u00f3vil el PIN de acceso de 6 d\u00edgitos para tu cuenta de cliente.<\/li>\n<li>Ahora debes verificar tu cuenta con la ayuda de un representante legal antes de que se active. Para ello, accede a tu cuenta de cliente a trav\u00e9s del sitio web <strong><a href=\"https:\/\/www.biciboadilla.com\/\">biciboadilla.com<\/a><\/strong> o de la app y guarda una tarjeta de cr\u00e9dito de uno de sus padres o de su representante legal como medio de pago.<\/li>\n<li>Tras verificar tu cuenta, la activaremos y podr\u00e1s empezar a utilizar el servicio.<\/li>\n<\/ol>\n<p>[\/vc_column_text][\/vc_column][\/vc_row]<\/p>\n<\/div>","protected":false},"excerpt":{"rendered":"<p>[vc_row][vc_column][vc_column_text css=\u00bb\u00bb] Registro y confirmaci\u00f3n para menores Los mayores de 14 a\u00f1os pueden utilizar las bicicletas bibo. Sin embargo, se requiere un formulario de confirmaci\u00f3n de un representante legal o de uno de tus padres. &nbsp; As\u00ed es como funciona: Descarga el formulario de confirmaci\u00f3n bibo Boadilla Imprime el formulario y p\u00eddele a uno de [&hellip;]<\/p>\n","protected":false},"author":13,"featured_media":0,"parent":0,"menu_order":0,"comment_status":"closed","ping_status":"closed","template":"page-bubble.php","meta":{"_acf_changed":false,"inline_featured_image":false,"footnotes":""},"class_list":["post-546","page","type-page","status-publish","hentry"],"acf":[],"yoast_head":"<!-- This site is optimized with the Yoast SEO plugin v27.2 - https:\/\/yoast.com\/product\/yoast-seo-wordpress\/ -->\n<title>J\u00f3venes - Boadilla<\/title>\n<meta name=\"description\" content=\"Los menores de edad a partir de 16 a\u00f1os podr\u00e1n darse de alta como personas usuarias del sistema.\" \/>\n<meta name=\"robots\" content=\"index, follow, max-snippet:-1, max-image-preview:large, max-video-preview:-1\" \/>\n<link rel=\"canonical\" href=\"https:\/\/www.biciboadilla.com\/es\/jovenes\/\" \/>\n<meta property=\"og:locale\" content=\"es_ES\" \/>\n<meta property=\"og:type\" content=\"article\" \/>\n<meta property=\"og:title\" content=\"J\u00f3venes - Boadilla\" \/>\n<meta property=\"og:description\" content=\"Los menores de edad a partir de 16 a\u00f1os podr\u00e1n darse de alta como personas usuarias del sistema.\" \/>\n<meta property=\"og:url\" content=\"https:\/\/www.biciboadilla.com\/es\/jovenes\/\" \/>\n<meta property=\"og:site_name\" content=\"Boadilla\" \/>\n<meta property=\"article:modified_time\" content=\"2025-11-21T08:09:52+00:00\" \/>\n<meta name=\"twitter:card\" content=\"summary_large_image\" \/>\n<meta name=\"twitter:label1\" content=\"Tiempo de lectura\" \/>\n\t<meta name=\"twitter:data1\" content=\"1 minuto\" \/>\n<script type=\"application\/ld+json\" class=\"yoast-schema-graph\">{\"@context\":\"https:\/\/schema.org\",\"@graph\":[{\"@type\":\"WebPage\",\"@id\":\"https:\/\/www.biciboadilla.com\/es\/jovenes\/\",\"url\":\"https:\/\/www.biciboadilla.com\/es\/jovenes\/\",\"name\":\"J\u00f3venes - Boadilla\",\"isPartOf\":{\"@id\":\"https:\/\/www.biciboadilla.com\/es\/#website\"},\"datePublished\":\"2025-04-10T08:50:41+00:00\",\"dateModified\":\"2025-11-21T08:09:52+00:00\",\"description\":\"Los menores de edad a partir de 16 a\u00f1os podr\u00e1n darse de alta como personas usuarias del sistema.\",\"breadcrumb\":{\"@id\":\"https:\/\/www.biciboadilla.com\/es\/jovenes\/#breadcrumb\"},\"inLanguage\":\"es\",\"potentialAction\":[{\"@type\":\"ReadAction\",\"target\":[\"https:\/\/www.biciboadilla.com\/es\/jovenes\/\"]}]},{\"@type\":\"BreadcrumbList\",\"@id\":\"https:\/\/www.biciboadilla.com\/es\/jovenes\/#breadcrumb\",\"itemListElement\":[{\"@type\":\"ListItem\",\"position\":1,\"name\":\"Startseite\",\"item\":\"https:\/\/www.biciboadilla.com\/es\/\"},{\"@type\":\"ListItem\",\"position\":2,\"name\":\"J\u00f3venes\"}]},{\"@type\":\"WebSite\",\"@id\":\"https:\/\/www.biciboadilla.com\/es\/#website\",\"url\":\"https:\/\/www.biciboadilla.com\/es\/\",\"name\":\"Boadilla\",\"description\":\"Eine weitere Nextbike Websites Website\",\"potentialAction\":[{\"@type\":\"SearchAction\",\"target\":{\"@type\":\"EntryPoint\",\"urlTemplate\":\"https:\/\/www.biciboadilla.com\/es\/?s={search_term_string}\"},\"query-input\":{\"@type\":\"PropertyValueSpecification\",\"valueRequired\":true,\"valueName\":\"search_term_string\"}}],\"inLanguage\":\"es\"}]}<\/script>\n<!-- \/ Yoast SEO plugin. -->","yoast_head_json":{"title":"J\u00f3venes - Boadilla","description":"Los menores de edad a partir de 16 a\u00f1os podr\u00e1n darse de alta como personas usuarias del sistema.","robots":{"index":"index","follow":"follow","max-snippet":"max-snippet:-1","max-image-preview":"max-image-preview:large","max-video-preview":"max-video-preview:-1"},"canonical":"https:\/\/www.biciboadilla.com\/es\/jovenes\/","og_locale":"es_ES","og_type":"article","og_title":"J\u00f3venes - Boadilla","og_description":"Los menores de edad a partir de 16 a\u00f1os podr\u00e1n darse de alta como personas usuarias del sistema.","og_url":"https:\/\/www.biciboadilla.com\/es\/jovenes\/","og_site_name":"Boadilla","article_modified_time":"2025-11-21T08:09:52+00:00","twitter_card":"summary_large_image","twitter_misc":{"Tiempo de lectura":"1 minuto"},"schema":{"@context":"https:\/\/schema.org","@graph":[{"@type":"WebPage","@id":"https:\/\/www.biciboadilla.com\/es\/jovenes\/","url":"https:\/\/www.biciboadilla.com\/es\/jovenes\/","name":"J\u00f3venes - Boadilla","isPartOf":{"@id":"https:\/\/www.biciboadilla.com\/es\/#website"},"datePublished":"2025-04-10T08:50:41+00:00","dateModified":"2025-11-21T08:09:52+00:00","description":"Los menores de edad a partir de 16 a\u00f1os podr\u00e1n darse de alta como personas usuarias del sistema.","breadcrumb":{"@id":"https:\/\/www.biciboadilla.com\/es\/jovenes\/#breadcrumb"},"inLanguage":"es","potentialAction":[{"@type":"ReadAction","target":["https:\/\/www.biciboadilla.com\/es\/jovenes\/"]}]},{"@type":"BreadcrumbList","@id":"https:\/\/www.biciboadilla.com\/es\/jovenes\/#breadcrumb","itemListElement":[{"@type":"ListItem","position":1,"name":"Startseite","item":"https:\/\/www.biciboadilla.com\/es\/"},{"@type":"ListItem","position":2,"name":"J\u00f3venes"}]},{"@type":"WebSite","@id":"https:\/\/www.biciboadilla.com\/es\/#website","url":"https:\/\/www.biciboadilla.com\/es\/","name":"Boadilla","description":"Eine weitere Nextbike Websites Website","potentialAction":[{"@type":"SearchAction","target":{"@type":"EntryPoint","urlTemplate":"https:\/\/www.biciboadilla.com\/es\/?s={search_term_string}"},"query-input":{"@type":"PropertyValueSpecification","valueRequired":true,"valueName":"search_term_string"}}],"inLanguage":"es"}]}},"_links":{"self":[{"href":"https:\/\/www.biciboadilla.com\/es\/wp-json\/wp\/v2\/pages\/546","targetHints":{"allow":["GET"]}}],"collection":[{"href":"https:\/\/www.biciboadilla.com\/es\/wp-json\/wp\/v2\/pages"}],"about":[{"href":"https:\/\/www.biciboadilla.com\/es\/wp-json\/wp\/v2\/types\/page"}],"author":[{"embeddable":true,"href":"https:\/\/www.biciboadilla.com\/es\/wp-json\/wp\/v2\/users\/13"}],"replies":[{"embeddable":true,"href":"https:\/\/www.biciboadilla.com\/es\/wp-json\/wp\/v2\/comments?post=546"}],"version-history":[{"count":13,"href":"https:\/\/www.biciboadilla.com\/es\/wp-json\/wp\/v2\/pages\/546\/revisions"}],"predecessor-version":[{"id":570,"href":"https:\/\/www.biciboadilla.com\/es\/wp-json\/wp\/v2\/pages\/546\/revisions\/570"}],"wp:attachment":[{"href":"https:\/\/www.biciboadilla.com\/es\/wp-json\/wp\/v2\/media?parent=546"}],"curies":[{"name":"wp","href":"https:\/\/api.w.org\/{rel}","templated":true}]}}